{"id":30,"date":"2021-10-12T14:36:37","date_gmt":"2021-10-12T14:36:37","guid":{"rendered":"http:\/\/kondraczyk.com\/?page_id=30"},"modified":"2021-10-12T14:54:11","modified_gmt":"2021-10-12T14:54:11","slug":"news","status":"publish","type":"page","link":"https:\/\/kondraczyk.com\/","title":{"rendered":"News"},"content":{"rendered":"\n<figure class=\"wp-block-image size-large\"><img loading=\"lazy\" decoding=\"async\" width=\"1024\" height=\"398\" src=\"http:\/\/kondraczyk.com\/wp-content\/uploads\/2021\/10\/chmury-1024x398.jpg\" alt=\"\" class=\"wp-image-37\" srcset=\"https:\/\/kondraczyk.com\/wp-content\/uploads\/2021\/10\/chmury-1024x398.jpg 1024w, https:\/\/kondraczyk.com\/wp-content\/uploads\/2021\/10\/chmury-300x117.jpg 300w, https:\/\/kondraczyk.com\/wp-content\/uploads\/2021\/10\/chmury-768x298.jpg 768w, https:\/\/kondraczyk.com\/wp-content\/uploads\/2021\/10\/chmury-1536x597.jpg 1536w, https:\/\/kondraczyk.com\/wp-content\/uploads\/2021\/10\/chmury-1568x609.jpg 1568w, https:\/\/kondraczyk.com\/wp-content\/uploads\/2021\/10\/chmury.jpg 1920w\" sizes=\"auto, (max-width: 1024px) 100vw, 1024px\" \/><\/figure>\n\n\n\n<p>Witaj na mojej stronie.<\/p>\n\n\n\n<p>Dzi\u0119kuj\u0119, \u017ce do mnie zagl\u0105dasz.<\/p>\n","protected":false},"excerpt":{"rendered":"<p>Witaj na mojej stronie. Dzi\u0119kuj\u0119, \u017ce do mnie zagl\u0105dasz.<\/p>\n","protected":false},"author":1,"featured_media":0,"parent":0,"menu_order":0,"comment_status":"closed","ping_status":"closed","template":"","meta":{"footnotes":""},"class_list":["post-30","page","type-page","status-publish","hentry","entry"],"_links":{"self":[{"href":"https:\/\/kondraczyk.com\/index.php?rest_route=\/wp\/v2\/pages\/30","targetHints":{"allow":["GET"]}}],"collection":[{"href":"https:\/\/kondraczyk.com\/index.php?rest_route=\/wp\/v2\/pages"}],"about":[{"href":"https:\/\/kondraczyk.com\/index.php?rest_route=\/wp\/v2\/types\/page"}],"author":[{"embeddable":true,"href":"https:\/\/kondraczyk.com\/index.php?rest_route=\/wp\/v2\/users\/1"}],"replies":[{"embeddable":true,"href":"https:\/\/kondraczyk.com\/index.php?rest_route=%2Fwp%2Fv2%2Fcomments&post=30"}],"version-history":[{"count":3,"href":"https:\/\/kondraczyk.com\/index.php?rest_route=\/wp\/v2\/pages\/30\/revisions"}],"predecessor-version":[{"id":39,"href":"https:\/\/kondraczyk.com\/index.php?rest_route=\/wp\/v2\/pages\/30\/revisions\/39"}],"wp:attachment":[{"href":"https:\/\/kondraczyk.com\/index.php?rest_route=%2Fwp%2Fv2%2Fmedia&parent=30"}],"curies":[{"name":"wp","href":"https:\/\/api.w.org\/{rel}","templated":true}]}}