{"id":7,"date":"2021-10-12T11:34:33","date_gmt":"2021-10-12T11:34:33","guid":{"rendered":"http:\/\/kondraczyk.com\/?page_id=7"},"modified":"2022-08-23T13:11:59","modified_gmt":"2022-08-23T13:11:59","slug":"contact","status":"publish","type":"page","link":"https:\/\/kondraczyk.com\/?page_id=7","title":{"rendered":"Contact"},"content":{"rendered":"\n<p>Zapraszam na m\u00f3j kana\u0142 na <a href=\"https:\/\/www.youtube.com\/user\/MagdalenaKondraczyk\/featured\" data-type=\"URL\" data-id=\"https:\/\/www.youtube.com\/user\/MagdalenaKondraczyk\/featured\">YouTube<\/a><\/p>\n\n\n\n<p>M\u00f3j adres email: magda.kondraczyk@gmail.com<\/p>\n\n\n\n<p><\/p>\n","protected":false},"excerpt":{"rendered":"<p>Zapraszam na m\u00f3j kana\u0142 na YouTube M\u00f3j adres email: magda.kondraczyk@gmail.com<\/p>\n","protected":false},"author":1,"featured_media":0,"parent":0,"menu_order":0,"comment_status":"closed","ping_status":"closed","template":"","meta":{"footnotes":""},"class_list":["post-7","page","type-page","status-publish","hentry","entry"],"_links":{"self":[{"href":"https:\/\/kondraczyk.com\/index.php?rest_route=\/wp\/v2\/pages\/7","targetHints":{"allow":["GET"]}}],"collection":[{"href":"https:\/\/kondraczyk.com\/index.php?rest_route=\/wp\/v2\/pages"}],"about":[{"href":"https:\/\/kondraczyk.com\/index.php?rest_route=\/wp\/v2\/types\/page"}],"author":[{"embeddable":true,"href":"https:\/\/kondraczyk.com\/index.php?rest_route=\/wp\/v2\/users\/1"}],"replies":[{"embeddable":true,"href":"https:\/\/kondraczyk.com\/index.php?rest_route=%2Fwp%2Fv2%2Fcomments&post=7"}],"version-history":[{"count":4,"href":"https:\/\/kondraczyk.com\/index.php?rest_route=\/wp\/v2\/pages\/7\/revisions"}],"predecessor-version":[{"id":96,"href":"https:\/\/kondraczyk.com\/index.php?rest_route=\/wp\/v2\/pages\/7\/revisions\/96"}],"wp:attachment":[{"href":"https:\/\/kondraczyk.com\/index.php?rest_route=%2Fwp%2Fv2%2Fmedia&parent=7"}],"curies":[{"name":"wp","href":"https:\/\/api.w.org\/{rel}","templated":true}]}}